{"id":5224,"date":"2023-12-05T12:21:11","date_gmt":"2023-12-05T12:21:11","guid":{"rendered":"http:\/\/adp-referral-rebrand.site.findly.com\/?page_id=5224"},"modified":"2024-01-02T09:42:31","modified_gmt":"2024-01-02T09:42:31","slug":"referral-activity","status":"publish","type":"page","link":"https:\/\/mycareer.adp.com\/fr\/portal\/referral-activity\/","title":{"rendered":"Referral Activity"},"content":{"rendered":"<p><div class=\"fusion-fullwidth fullwidth-box fusion-builder-row-1 fusion-flex-container has-pattern-background has-mask-background w-100 dynamic default noposabs nonhundred-percent-fullwidth non-hundred-percent-height-scrolling\" style=\"--awb-border-radius-top-left:0px;--awb-border-radius-top-right:0px;--awb-border-radius-bottom-right:0px;--awb-border-radius-bottom-left:0px;--awb-padding-top:16px;--awb-padding-right:16px;--awb-padding-bottom:16px;--awb-padding-left:16px;--awb-background-color:#ffffff;--awb-flex-wrap:wrap;\" id=\"sponsor-activity\" aria-label=\"\" role=\"\" ><div class=\"fusion-builder-row fusion-row fusion-flex-align-items-flex-start fusion-flex-content-wrap\" style=\"max-width:calc( 1140px + 0px );margin-left: calc(-0px \/ 2 );margin-right: calc(-0px \/ 2 );\"><div class=\"fusion-layout-column fusion_builder_column fusion-builder-column-0 fusion_builder_column_1_1 1_1 fusion-flex-column\" style=\"--awb-bg-size:cover;--awb-width-large:100%;--awb-margin-top-large:0px;--awb-spacing-right-large:0px;--awb-margin-bottom-large:0px;--awb-spacing-left-large:0px;--awb-width-medium:100%;--awb-order-medium:0;--awb-spacing-right-medium:0px;--awb-spacing-left-medium:0px;--awb-width-small:100%;--awb-order-small:0;--awb-spacing-right-small:0px;--awb-spacing-left-small:0px;\" id=\"referral-stats\"><div class=\"fusion-column-wrapper fusion-column-has-shadow fusion-flex-justify-content-flex-start fusion-content-layout-column\"><div class=\"fusion-title title fusion-title-1 fusion-sep-none fusion-title-center fusion-title-text fusion-title-size-two\" style=\"--awb-text-color:#161616;--awb-margin-bottom:20px;\"><h2 class=\"fusion-title-heading title-heading-center fusion-responsive-typography-calculated\" style=\"margin:0;--fontSize:24;line-height:1.33;\">SUIVI DES RECOMMANDATIONS<\/h2><\/div><div class='activity-stats-wrapper'><div class='no-stats'><\/div><div class='has-stats'><div class='activity-stats'><div class='stat shared-links' data-count='0'>LIENS PARTAG\u00c9S<div class='big-num'>-<\/div><\/div><div class='stat active-referrals' data-count='0'>RECOMMANDATIONS APPROUV\u00c9ES AU TOTAL<div class='big-num'>-<\/div><\/div><div class='stat applies' data-count='0'>RECOMMANDATIONS APPROUV\u00c9ES POUR DES POSTES SP\u00c9CIFIQUES<div class='big-num'>-<\/div><\/div><div class='stat hired' data-count='0'>EMBAUCH\u00c9(E)<div class='big-num'>-<\/div><\/div><\/div><\/div><\/div><\/div><\/div><\/div><\/div><div class=\"fusion-fullwidth fullwidth-box fusion-builder-row-2 fusion-flex-container has-pattern-background has-mask-background nonhundred-percent-fullwidth non-hundred-percent-height-scrolling\" style=\"--awb-border-radius-top-left:0px;--awb-border-radius-top-right:0px;--awb-border-radius-bottom-right:0px;--awb-border-radius-bottom-left:0px;--awb-padding-top:60px;--awb-padding-bottom:40px;--awb-background-color:#fafafa;--awb-flex-wrap:wrap;\" id=\"my-referrals\" aria-label=\"\" role=\"\" ><div class=\"fusion-builder-row fusion-row fusion-flex-align-items-flex-start fusion-flex-content-wrap\" style=\"max-width:calc( 1140px + 0px );margin-left: calc(-0px \/ 2 );margin-right: calc(-0px \/ 2 );\"><div class=\"fusion-layout-column fusion_builder_column fusion-builder-column-1 fusion_builder_column_1_1 1_1 fusion-flex-column\" style=\"--awb-bg-size:cover;--awb-width-large:100%;--awb-margin-top-large:0px;--awb-spacing-right-large:0px;--awb-margin-bottom-large:0px;--awb-spacing-left-large:0px;--awb-width-medium:100%;--awb-spacing-right-medium:0px;--awb-spacing-left-medium:0px;--awb-width-small:100%;--awb-spacing-right-small:0px;--awb-spacing-left-small:0px;\"><div class=\"fusion-column-wrapper fusion-column-has-shadow fusion-flex-justify-content-flex-start fusion-content-layout-column\"><div class=\"fusion-title title fusion-title-2 fusion-sep-none fusion-title-center fusion-title-text fusion-title-size-two\" style=\"--awb-margin-top:0px;--awb-margin-bottom:30px;--awb-margin-top-small:0px;--awb-margin-bottom-small:0px;\"><h2 class=\"fusion-title-heading title-heading-center fusion-responsive-typography-calculated\" style=\"margin:0;--fontSize:24;line-height:1.33;\">MES RECOMMANDATIONS<\/h2><\/div><div class=\"fusion-text fusion-text-1\"><h4 class=\"underline\">Vos recommandations peuvent afficher les statuts suivants :<\/h4> <p><strong class=\"primary-color\"> Nouvelle candidature sur recommandation <\/strong> \u2013 La personne a \u00e9t\u00e9 recommand\u00e9e aupr\u00e8s d\u2019ADP, \u00e9ventuellement pour un poste sp\u00e9cifique.<br \/> <strong class=\"primary-color\">En cours <\/strong> \u2013 La personne a \u00e9t\u00e9 recommand\u00e9e pour un poste sp\u00e9cifique, et la recommandation est en cours de traitement, ce qui veut dire que le statut peut aller de l\u2019\u00e9valuation par le recruteur jusqu\u2019\u00e0 l\u2019\u00e9tape d\u2019int\u00e9gration dans l\u2019entreprise.<br \/> <strong class=\"primary-color\">Examen ult\u00e9rieur <\/strong> \u2013 La personne a \u00e9t\u00e9 recommand\u00e9e pour un poste et ne fait actuellement partie d\u2019aucun processus de recrutement.<br \/> <strong class=\"primary-color\">Embauch\u00e9(e)<\/strong> \u2013 La personne a \u00e9t\u00e9 recommand\u00e9e pour un poste, a accept\u00e9 l\u2019offre et a rejoint ADP.<br \/> <strong class=\"primary-color\">Archiv\u00e9(e)<\/strong> \u2013 La personne a \u00e9t\u00e9 recommand\u00e9e pour un poste, mais n\u2019a pas \u00e9t\u00e9 retenue pour le moment.<\/p> <p><strong class=\"primary-color underline\">Non \u00e9ligible <\/strong> \u2013 Vous n\u2019\u00eates automatiquement pas \u00e9ligible \u00e0 une r\u00e9compense, car la personne recommand\u00e9e avait d\u00e9j\u00e0 postul\u00e9 chez ADP par le biais de l\u2019un de ses syst\u00e8mes de gestion du recrutement (y compris les communaut\u00e9s de talents) au cours des 12 derniers mois OU car la personne recommand\u00e9e avait d\u00e9j\u00e0 fait l\u2019objet d\u2019une recommandation aupr\u00e8s d\u2019ADP au cours des 12 derniers mois.<\/p> <p><strong class=\"primary-color underline\">\u00c9valuation de l\u2019\u00e9ligibilit\u00e9<\/strong> \u2013 Ce statut signifie que certains crit\u00e8res d\u2019\u00e9ligibilit\u00e9 sont en cours d\u2019\u00e9valuation. Votre \u00e9ligibilit\u00e9 sera d\u00e9termin\u00e9e de mani\u00e8re d\u00e9finitive apr\u00e8s l\u2019embauche de la personne recommand\u00e9e.<\/p> <\/div><div class=\"fusion-text fusion-text-2\" style=\"--awb-content-alignment:left;\"><div class='ref-history' id=''><\/div><div class='pagination' id='pagingDiv'><\/div><div class='ref-history-hidden' id='ref-history-hidden'><input type='hidden' id='hidSponsorId' name='hidSponsorId' value=''><input type='hidden' id='hiditemsPerPage' name='hiditemsPerPage' value='10'><input type='hidden' id='hidDisplayType' name='hidDisplayType' value='list'><input type='hidden' id='hidnoReferalMsg' name='hidnoReferalMsg' value='No Referrals to display. Start referring today!'><input type='hidden' id='hidEligibilityHeading' name='hidEligibilityHeading' value='Referral'><input type='hidden' id='hidEligibilityYes' name='hidEligibilityYes' value='Pending*'><input type='hidden' id='hidEligibilityNo' name='hidEligibilityNo' value=' Not Eligible'><\/div> <\/div><script>\njQuery(document).ready(function(){\nsetTimeout(function(){\nif($('.ref-history').html().length == 0) { $('.ref-history').html(\"Aucune recommandation \u00e0 afficher.\")} \n  }, 1000);\n});\n<\/script><\/div><\/div><\/div><\/div><\/p>\n","protected":false},"excerpt":{"rendered":"","protected":false},"author":1609,"featured_media":0,"parent":5051,"menu_order":0,"comment_status":"closed","ping_status":"closed","template":"100-width.php","meta":{"footnotes":""},"persona":[],"class_list":["post-5224","page","type-page","status-publish","hentry"],"yoast_head":"<!-- This site is optimized with the Yoast SEO Premium plugin v23.0 (Yoast SEO v23.0) - https:\/\/yoast.com\/wordpress\/plugins\/seo\/ -->\n<title>Referral Activity - ADP Referral<\/title>\n<meta name=\"robots\" content=\"index, follow, max-snippet:-1, max-image-preview:large, max-video-preview:-1\" \/>\n<link rel=\"canonical\" href=\"https:\/\/mycareer.adp.com\/fr\/portal\/referral-activity\/\" \/>\n<meta property=\"og:locale\" content=\"fr_FR\" \/>\n<meta property=\"og:type\" content=\"article\" \/>\n<meta property=\"og:title\" content=\"Referral Activity\" \/>\n<meta property=\"og:url\" content=\"https:\/\/mycareer.adp.com\/fr\/portal\/referral-activity\/\" \/>\n<meta property=\"og:site_name\" content=\"ADP Referral\" \/>\n<meta property=\"article:modified_time\" content=\"2024-01-02T09:42:31+00:00\" \/>\n<meta property=\"og:image\" content=\"https:\/\/mycareer.adp.com\/wp-content\/uploads\/sites\/3591\/2025\/04\/SFX-Social-Share-Card-for-ARP-01-1.jpg\" \/>\n\t<meta property=\"og:image:width\" content=\"2500\" \/>\n\t<meta property=\"og:image:height\" content=\"1312\" \/>\n\t<meta property=\"og:image:type\" content=\"image\/jpeg\" \/>\n<meta name=\"twitter:card\" content=\"summary_large_image\" \/>\n<meta name=\"twitter:label1\" content=\"Dur\u00e9e de lecture estim\u00e9e\" \/>\n\t<meta name=\"twitter:data1\" content=\"11 minutes\" \/>\n<script type=\"application\/ld+json\" class=\"yoast-schema-graph\">{\"@context\":\"https:\/\/schema.org\",\"@graph\":[{\"@type\":\"WebPage\",\"@id\":\"https:\/\/mycareer.adp.com\/fr\/portal\/referral-activity\/\",\"url\":\"https:\/\/mycareer.adp.com\/fr\/portal\/referral-activity\/\",\"name\":\"Referral Activity - ADP Referral\",\"isPartOf\":{\"@id\":\"https:\/\/mycareer.adp.com\/cs\/#website\"},\"datePublished\":\"2023-12-05T12:21:11+00:00\",\"dateModified\":\"2024-01-02T09:42:31+00:00\",\"breadcrumb\":{\"@id\":\"https:\/\/mycareer.adp.com\/fr\/portal\/referral-activity\/#breadcrumb\"},\"inLanguage\":\"fr-FR\",\"potentialAction\":[{\"@type\":\"ReadAction\",\"target\":[\"https:\/\/mycareer.adp.com\/fr\/portal\/referral-activity\/\"]}]},{\"@type\":\"BreadcrumbList\",\"@id\":\"https:\/\/mycareer.adp.com\/fr\/portal\/referral-activity\/#breadcrumb\",\"itemListElement\":[{\"@type\":\"ListItem\",\"position\":1,\"name\":\"Home\",\"item\":\"https:\/\/mycareer.adp.com\/fr\/\"},{\"@type\":\"ListItem\",\"position\":2,\"name\":\"Portal\",\"item\":\"https:\/\/mycareer.adp.com\/fr\/portal\/\"},{\"@type\":\"ListItem\",\"position\":3,\"name\":\"Referral Activity\"}]},{\"@type\":\"WebSite\",\"@id\":\"https:\/\/mycareer.adp.com\/cs\/#website\",\"url\":\"https:\/\/mycareer.adp.com\/cs\/\",\"name\":\"ADP Referral\",\"description\":\"Just another Symphony Talent CWS site\",\"potentialAction\":[{\"@type\":\"SearchAction\",\"target\":{\"@type\":\"EntryPoint\",\"urlTemplate\":\"https:\/\/mycareer.adp.com\/cs\/?s={search_term_string}\"},\"query-input\":\"required name=search_term_string\"}],\"inLanguage\":\"fr-FR\"}]}<\/script>\n<!-- \/ Yoast SEO Premium plugin. -->","yoast_head_json":{"title":"Referral Activity - ADP Referral","robots":{"index":"index","follow":"follow","max-snippet":"max-snippet:-1","max-image-preview":"max-image-preview:large","max-video-preview":"max-video-preview:-1"},"canonical":"https:\/\/mycareer.adp.com\/fr\/portal\/referral-activity\/","og_locale":"fr_FR","og_type":"article","og_title":"Referral Activity","og_url":"https:\/\/mycareer.adp.com\/fr\/portal\/referral-activity\/","og_site_name":"ADP Referral","article_modified_time":"2024-01-02T09:42:31+00:00","og_image":[{"width":2500,"height":1312,"url":"https:\/\/mycareer.adp.com\/wp-content\/uploads\/sites\/3591\/2025\/04\/SFX-Social-Share-Card-for-ARP-01-1.jpg","type":"image\/jpeg"}],"twitter_card":"summary_large_image","twitter_misc":{"Dur\u00e9e de lecture estim\u00e9e":"11 minutes"},"schema":{"@context":"https:\/\/schema.org","@graph":[{"@type":"WebPage","@id":"https:\/\/mycareer.adp.com\/fr\/portal\/referral-activity\/","url":"https:\/\/mycareer.adp.com\/fr\/portal\/referral-activity\/","name":"Referral Activity - ADP Referral","isPartOf":{"@id":"https:\/\/mycareer.adp.com\/cs\/#website"},"datePublished":"2023-12-05T12:21:11+00:00","dateModified":"2024-01-02T09:42:31+00:00","breadcrumb":{"@id":"https:\/\/mycareer.adp.com\/fr\/portal\/referral-activity\/#breadcrumb"},"inLanguage":"fr-FR","potentialAction":[{"@type":"ReadAction","target":["https:\/\/mycareer.adp.com\/fr\/portal\/referral-activity\/"]}]},{"@type":"BreadcrumbList","@id":"https:\/\/mycareer.adp.com\/fr\/portal\/referral-activity\/#breadcrumb","itemListElement":[{"@type":"ListItem","position":1,"name":"Home","item":"https:\/\/mycareer.adp.com\/fr\/"},{"@type":"ListItem","position":2,"name":"Portal","item":"https:\/\/mycareer.adp.com\/fr\/portal\/"},{"@type":"ListItem","position":3,"name":"Referral Activity"}]},{"@type":"WebSite","@id":"https:\/\/mycareer.adp.com\/cs\/#website","url":"https:\/\/mycareer.adp.com\/cs\/","name":"ADP Referral","description":"Just another Symphony Talent CWS site","potentialAction":[{"@type":"SearchAction","target":{"@type":"EntryPoint","urlTemplate":"https:\/\/mycareer.adp.com\/cs\/?s={search_term_string}"},"query-input":"required name=search_term_string"}],"inLanguage":"fr-FR"}]}},"_links":{"self":[{"href":"https:\/\/mycareer.adp.com\/fr\/wp-json\/wp\/v2\/pages\/5224","targetHints":{"allow":["GET"]}}],"collection":[{"href":"https:\/\/mycareer.adp.com\/fr\/wp-json\/wp\/v2\/pages"}],"about":[{"href":"https:\/\/mycareer.adp.com\/fr\/wp-json\/wp\/v2\/types\/page"}],"author":[{"embeddable":true,"href":"https:\/\/mycareer.adp.com\/fr\/wp-json\/wp\/v2\/users\/1609"}],"replies":[{"embeddable":true,"href":"https:\/\/mycareer.adp.com\/fr\/wp-json\/wp\/v2\/comments?post=5224"}],"version-history":[{"count":5,"href":"https:\/\/mycareer.adp.com\/fr\/wp-json\/wp\/v2\/pages\/5224\/revisions"}],"predecessor-version":[{"id":6802,"href":"https:\/\/mycareer.adp.com\/fr\/wp-json\/wp\/v2\/pages\/5224\/revisions\/6802"}],"up":[{"embeddable":true,"href":"https:\/\/mycareer.adp.com\/fr\/wp-json\/wp\/v2\/pages\/5051"}],"wp:attachment":[{"href":"https:\/\/mycareer.adp.com\/fr\/wp-json\/wp\/v2\/media?parent=5224"}],"wp:term":[{"taxonomy":"persona","embeddable":true,"href":"https:\/\/mycareer.adp.com\/fr\/wp-json\/wp\/v2\/persona?post=5224"}],"curies":[{"name":"wp","href":"https:\/\/api.w.org\/{rel}","templated":true}]}}